


{"id":26433,"date":"2025-12-02T09:35:50","date_gmt":"2025-12-02T08:35:50","guid":{"rendered":"https:\/\/inscolearning.us\/courses-2\/"},"modified":"2025-12-02T09:35:50","modified_gmt":"2025-12-02T08:35:50","slug":"courses-2","status":"publish","type":"page","link":"https:\/\/inscolearning.us\/en\/courses-2\/","title":{"rendered":"Courses"},"content":{"rendered":"<div class=\"edwiser-bridge\"><form class=\"eb_filter_and_sorting\" method=\"get\">\r\n\t<input type=\"hidden\" name=\"eb_courses_page_key\" value=\"841e002375\">\r\n\r\n\t<div class='eb_archive_filter'>\r\n\t\t<label class=\"eb_archive_filter_lbl\"> Filter Courses by Category: <\/label>\r\n\t\t<select name=\"eb_category_filter\" id=\"eb_category_filter\" class=\"\" >\r\n\t\t\t<option value=\"eb_archive_filter_all\" >All<\/option>\r\n\r\n\t\t\t\t\t\t\t<option value=\"122\" >CART\u00d3N PARA AGRICULTURA<\/option>\r\n\t\t\t\t\t\t\t<option value=\"111\" >CURSOS<\/option>\r\n\t\t\t\t\t\t\t<option value=\"109\" >CURSOS ESPECIALIZACI\u00d3N<\/option>\r\n\t\t\t\t\t\t\t<option value=\"132\" >DIRECCI\u00d3N DE CART\u00d3N<\/option>\r\n\t\t\t\t\t\t\t<option value=\"133\" >DIRECCI\u00d3N ENVASES PLEGABLES<\/option>\r\n\t\t\t\t\t\t\t<option value=\"128\" >DISE\u00d1O ESTRUCTURAL AVANZADO Y APLICACIONES DE ARTIOSCAD<\/option>\r\n\t\t\t\t\t\t\t<option value=\"135\" >EE MANTENIMIENTO<\/option>\r\n\t\t\t\t\t\t\t<option value=\"134\" >EE PRODUCCI\u00d3N<\/option>\r\n\t\t\t\t\t\t\t<option value=\"106\" >Empresa 1<\/option>\r\n\t\t\t\t\t\t\t<option value=\"107\" >Empresa 2<\/option>\r\n\t\t\t\t\t\t\t<option value=\"105\" >Empresas pr\u00e1ctica<\/option>\r\n\t\t\t\t\t\t\t<option value=\"113\" >ESCUELA ELECTROMEC\u00c1NICA<\/option>\r\n\t\t\t\t\t\t\t<option value=\"131\" >FUNDAMENTOS EN DISE\u00d1O ESTRUCTURAL PARA CART\u00d3N<\/option>\r\n\t\t\t\t\t\t\t<option value=\"123\" >GESTI\u00d3N DE ALMAC\u00c9N<\/option>\r\n\t\t\t\t\t\t\t<option value=\"130\" >IA APLICADA AL DISE\u00d1O DE ENVASES PLEGABLES<\/option>\r\n\t\t\t\t\t\t\t<option value=\"104\" >INSCO<\/option>\r\n\t\t\t\t\t\t\t<option value=\"129\" >LIDERAZGO PARA LA L\u00cdNEA DE MANDO<\/option>\r\n\t\t\t\t\t\t\t<option value=\"126\" >MANTENIMIENTO CONVERTING<\/option>\r\n\t\t\t\t\t\t\t<option value=\"125\" >MANTENIMIENTO ONDULADORA<\/option>\r\n\t\t\t\t\t\t\t<option value=\"112\" >M\u00c1STERES<\/option>\r\n\t\t\t\t\t\t\t<option value=\"127\" >PREPARACI\u00d3N FRENTE A LA CAMPA\u00d1A DE INSPECCI\u00d3N DE TRABAJO<\/option>\r\n\t\t\t\t\t\t\t<option value=\"116\" >PROGRAMA AVANZADO CONVERTING<\/option>\r\n\t\t\t\t\t\t\t<option value=\"115\" >PROGRAMA AVANZADO ONDULADORA<\/option>\r\n\t\t\t\t\t\t\t<option value=\"117\" >PROGRAMA ESPECIALIZADO CASEMAKER<\/option>\r\n\t\t\t\t\t\t\t<option value=\"119\" >PROGRAMA ESPECIALIZADO FUNDAMENTOS DEL CART\u00d3N<\/option>\r\n\t\t\t\t\t\t\t<option value=\"114\" >PROGRAMAS AVANZADOS<\/option>\r\n\t\t\t\t\t\t\t<option value=\"108\" >PROGRAMAS ESPECIALIZADOS<\/option>\r\n\t\t\t\t\t\t\t<option value=\"110\" >PROGRAMAS T\u00c9CNICOS<\/option>\r\n\t\t\t\t\t\t\t<option value=\"118\" >PROGRMA ESPECIALIZADO TROQUELADO PLANO<\/option>\r\n\t\t\t\t\t\t\t<option value=\"124\" >SISTEMA DE IMPRESI\u00d3N OFFSET<\/option>\r\n\t\t\t\t\t\t\t<option value=\"120\" >SISTEMAS DE IMPRESI\u00d3N<\/option>\r\n\t\t\t\t\t\t\t<option value=\"121\" >TROQUELADO PLANO<\/option>\r\n\t\t\t\t\t<\/select>\r\n\t<\/div>\r\n\r\n\t<div class='eb_archive_sort'>\r\n\t\t<label class=\"eb_archive_sort_lbl\"> Sort by: <\/label>\r\n\t\t<select name=\"eb_category_sort\" id=\"eb_category_sort\" class=\"\" >\r\n\t\t\t<option value=\"eb_archive_sort_a_z\" >Default A to Z<\/option>\r\n\t\t\t<option value=\"eb_archive_sort_z_a\" >Sort Z to A<\/option>\r\n\t\t\t<option value=\"eb_archive_latest\" >Sort by latest<\/option>\r\n\t\t\t<option value=\"eb_archive_oldest\" >Sort by oldest<\/option>\r\n\t\t<\/select>\r\n\t<\/div>\r\n<\/form>\r\n\t\t\t<div class='eb-cat-parent'>\r\n\t\t\t\t\t<div class=\"sc-eb_courses-wrapper eb_course_cards_wrap\">\r\n\t\t\t\t\t\t\r\n<div id=\"post-25727\" class=\"wdm-col-3-2-1 eb-course-card eb-course-col wdm-course-grid-wrap no-access post-25727 eb_course type-eb_course status-publish eb_course_cat-empresa1\" title=\"Click to read more about Curso para empresa 1 course\">\r\n\t<div class=\"eb-grid-container\">\r\n\t\t<div class=\"wdm-course-grid\">\r\n\r\n\t\t\t\t\t<a href=\"https:\/\/inscolearning.us\/en\/courses\/curso-para-empresa-1\/\" rel=\"bookmark\" class=\"wdm-course-thumbnail\">\r\n\t\t\t\t<!-- Course card image container -->\r\n\t\t\t\t<div class=\"wdm-course-image\">\r\n\t\t\t\t\t<img decoding=\"async\" src=\"https:\/\/inscolearning.us\/wp-content\/plugins\/edwiser-bridge\/images\/placeholder-course-thumbnail.jpeg\"\/>\r\n\t\t\t\t<\/div>\r\n\t\t\t\t<div class=\"wdm-caption\">\r\n\t\t\t\t\t<div  class=\"eb-cat-wrapper-new \">\r\n\t\t\t\t\tEmpresa 1\t\t\t\t\t<\/div>\r\n\r\n\t\t\t\t\t<div class=\"eb-course-title eb-course-card-title\">Curso para empresa 1<\/div>\r\n\r\n\t\t\t\t\t\r\n\t\t\t\t\t<div>\r\n\t\t\t\t\t\t<p class=\"eb_short_desc\">\r\n\t\t\t\t\t\t\t \r\n\t\t\t\t\t\t<\/p>\r\n\t\t\t\t\t<\/div>\r\n\r\n\t\t\t\t\t\t<div class=\"wdm-price paid\">\r\n\t\t$ 1\t<\/div>\r\n\t\t\t\t\t<\/div>\r\n\t\t\t<\/a>\r\n\r\n\t\t\t\t\t<\/div>\r\n\t<\/div>\r\n\t<!-- .wdm-course-grid -->\r\n<\/div><!-- #post -->\r\n\r\n<div id=\"post-26563\" class=\"wdm-col-3-2-1 eb-course-card eb-course-col wdm-course-grid-wrap no-access post-26563 eb_course type-eb_course status-publish eb_course_cat-empresa2\" title=\"Click to read more about Programa avanzado de onduladora (pruebas) course\">\r\n\t<div class=\"eb-grid-container\">\r\n\t\t<div class=\"wdm-course-grid\">\r\n\r\n\t\t\t\t\t<a href=\"https:\/\/inscolearning.us\/en\/courses\/programa-avanzado-de-onduladora-pruebas\/\" rel=\"bookmark\" class=\"wdm-course-thumbnail\">\r\n\t\t\t\t<!-- Course card image container -->\r\n\t\t\t\t<div class=\"wdm-course-image\">\r\n\t\t\t\t\t<img decoding=\"async\" src=\"https:\/\/inscolearning.us\/wp-content\/plugins\/edwiser-bridge\/images\/placeholder-course-thumbnail.jpeg\"\/>\r\n\t\t\t\t<\/div>\r\n\t\t\t\t<div class=\"wdm-caption\">\r\n\t\t\t\t\t<div  class=\"eb-cat-wrapper-new \">\r\n\t\t\t\t\tEmpresa 2\t\t\t\t\t<\/div>\r\n\r\n\t\t\t\t\t<div class=\"eb-course-title eb-course-card-title\">Programa avanzado de onduladora (pruebas)<\/div>\r\n\r\n\t\t\t\t\t\r\n\t\t\t\t\t<div>\r\n\t\t\t\t\t\t<p class=\"eb_short_desc\">\r\n\t\t\t\t\t\t\t \r\n\t\t\t\t\t\t<\/p>\r\n\t\t\t\t\t<\/div>\r\n\r\n\t\t\t\t\t\t<div class=\"wdm-price free\">\r\n\t\tFree\t<\/div>\r\n\t\t\t\t\t<\/div>\r\n\t\t\t<\/a>\r\n\r\n\t\t\t\t\t<\/div>\r\n\t<\/div>\r\n\t<!-- .wdm-course-grid -->\r\n<\/div><!-- #post -->\r\n\r\n<div id=\"post-25729\" class=\"wdm-col-3-2-1 eb-course-card eb-course-col wdm-course-grid-wrap no-access post-25729 eb_course type-eb_course status-publish eb_course_cat-programaavanzadoonduladora\" title=\"Click to read more about PROGRAMA AVANZADO ONDULADORA course\">\r\n\t<div class=\"eb-grid-container\">\r\n\t\t<div class=\"wdm-course-grid\">\r\n\r\n\t\t\t\t\t<a href=\"https:\/\/inscolearning.us\/en\/courses\/programa-avanzado-onduladora\/\" rel=\"bookmark\" class=\"wdm-course-thumbnail\">\r\n\t\t\t\t<!-- Course card image container -->\r\n\t\t\t\t<div class=\"wdm-course-image\">\r\n\t\t\t\t\t<img decoding=\"async\" src=\"https:\/\/inscolearning.us\/wp-content\/plugins\/edwiser-bridge\/images\/placeholder-course-thumbnail.jpeg\"\/>\r\n\t\t\t\t<\/div>\r\n\t\t\t\t<div class=\"wdm-caption\">\r\n\t\t\t\t\t<div  class=\"eb-cat-wrapper-new \">\r\n\t\t\t\t\tPROGRAMA AVANZADO ONDULADORA\t\t\t\t\t<\/div>\r\n\r\n\t\t\t\t\t<div class=\"eb-course-title eb-course-card-title\">PROGRAMA AVANZADO ONDULADORA<\/div>\r\n\r\n\t\t\t\t\t\r\n\t\t\t\t\t<div>\r\n\t\t\t\t\t\t<p class=\"eb_short_desc\">\r\n\t\t\t\t\t\t\t \r\n\t\t\t\t\t\t<\/p>\r\n\t\t\t\t\t<\/div>\r\n\r\n\t\t\t\t\t\t<div class=\"wdm-price paid\">\r\n\t\t$ 2\t<\/div>\r\n\t\t\t\t\t<\/div>\r\n\t\t\t<\/a>\r\n\r\n\t\t\t\t\t<\/div>\r\n\t<\/div>\r\n\t<!-- .wdm-course-grid -->\r\n<\/div><!-- #post -->\r\n\t\t\t\t<\/div>\r\n\t\t\t\t\t\t\t<div style=\"clear:both\"><\/div>\r\n\t\t\t\t\t<\/div>\r\n\t\t<\/div>\n","protected":false},"excerpt":{"rendered":"","protected":false},"author":1,"featured_media":0,"parent":0,"menu_order":0,"comment_status":"closed","ping_status":"closed","template":"","meta":{"_acf_changed":false,"inline_featured_image":false,"productId":0,"courseId":0,"footnotes":""},"class_list":["post-26433","page","type-page","status-publish"],"acf":[],"yoast_head":"<!-- This site is optimized with the Yoast SEO plugin v27.1.1 - https:\/\/yoast.com\/product\/yoast-seo-wordpress\/ -->\n<title>Courses - INSCO<\/title>\n<meta name=\"robots\" content=\"noindex, follow, max-snippet:-1, max-image-preview:large, max-video-preview:-1\" \/>\n<meta property=\"og:locale\" content=\"en_US\" \/>\n<meta property=\"og:type\" content=\"article\" \/>\n<meta property=\"og:title\" content=\"Courses - INSCO\" \/>\n<meta property=\"og:url\" content=\"https:\/\/inscolearning.us\/en\/courses-2\/\" \/>\n<meta property=\"og:site_name\" content=\"INSCO\" \/>\n<meta name=\"twitter:card\" content=\"summary_large_image\" \/>\n<script type=\"application\/ld+json\" class=\"yoast-schema-graph\">{\"@context\":\"https:\/\/schema.org\",\"@graph\":[{\"@type\":\"WebPage\",\"@id\":\"https:\/\/inscolearning.us\/en\/courses-2\/\",\"url\":\"https:\/\/inscolearning.us\/en\/courses-2\/\",\"name\":\"Courses - INSCO\",\"isPartOf\":{\"@id\":\"https:\/\/inscolearning.us\/en\/#website\"},\"datePublished\":\"2025-12-02T08:35:50+00:00\",\"breadcrumb\":{\"@id\":\"https:\/\/inscolearning.us\/en\/courses-2\/#breadcrumb\"},\"inLanguage\":\"en-US\",\"potentialAction\":[{\"@type\":\"ReadAction\",\"target\":[\"https:\/\/inscolearning.us\/en\/courses-2\/\"]}]},{\"@type\":\"BreadcrumbList\",\"@id\":\"https:\/\/inscolearning.us\/en\/courses-2\/#breadcrumb\",\"itemListElement\":[{\"@type\":\"ListItem\",\"position\":1,\"name\":\"Portada\",\"item\":\"https:\/\/inscolearning.us\/en\/\"},{\"@type\":\"ListItem\",\"position\":2,\"name\":\"Courses\"}]},{\"@type\":\"WebSite\",\"@id\":\"https:\/\/inscolearning.us\/en\/#website\",\"url\":\"https:\/\/inscolearning.us\/en\/\",\"name\":\"INSCO\",\"description\":\"\",\"publisher\":{\"@id\":\"https:\/\/inscolearning.us\/en\/#organization\"},\"potentialAction\":[{\"@type\":\"SearchAction\",\"target\":{\"@type\":\"EntryPoint\",\"urlTemplate\":\"https:\/\/inscolearning.us\/en\/?s={search_term_string}\"},\"query-input\":{\"@type\":\"PropertyValueSpecification\",\"valueRequired\":true,\"valueName\":\"search_term_string\"}}],\"inLanguage\":\"en-US\"},{\"@type\":\"Organization\",\"@id\":\"https:\/\/inscolearning.us\/en\/#organization\",\"name\":\"INSCO\",\"url\":\"https:\/\/inscolearning.us\/en\/\",\"logo\":{\"@type\":\"ImageObject\",\"inLanguage\":\"en-US\",\"@id\":\"https:\/\/inscolearning.us\/en\/#\/schema\/logo\/image\/\",\"url\":\"https:\/\/inscolearning.us\/wp-content\/uploads\/2025\/10\/Logo-INSCO.svg\",\"contentUrl\":\"https:\/\/inscolearning.us\/wp-content\/uploads\/2025\/10\/Logo-INSCO.svg\",\"width\":728,\"height\":292,\"caption\":\"INSCO\"},\"image\":{\"@id\":\"https:\/\/inscolearning.us\/en\/#\/schema\/logo\/image\/\"}}]}<\/script>\n<!-- \/ Yoast SEO plugin. -->","yoast_head_json":{"title":"Courses - INSCO","robots":{"index":"noindex","follow":"follow","max-snippet":"max-snippet:-1","max-image-preview":"max-image-preview:large","max-video-preview":"max-video-preview:-1"},"og_locale":"en_US","og_type":"article","og_title":"Courses - INSCO","og_url":"https:\/\/inscolearning.us\/en\/courses-2\/","og_site_name":"INSCO","twitter_card":"summary_large_image","schema":{"@context":"https:\/\/schema.org","@graph":[{"@type":"WebPage","@id":"https:\/\/inscolearning.us\/en\/courses-2\/","url":"https:\/\/inscolearning.us\/en\/courses-2\/","name":"Courses - INSCO","isPartOf":{"@id":"https:\/\/inscolearning.us\/en\/#website"},"datePublished":"2025-12-02T08:35:50+00:00","breadcrumb":{"@id":"https:\/\/inscolearning.us\/en\/courses-2\/#breadcrumb"},"inLanguage":"en-US","potentialAction":[{"@type":"ReadAction","target":["https:\/\/inscolearning.us\/en\/courses-2\/"]}]},{"@type":"BreadcrumbList","@id":"https:\/\/inscolearning.us\/en\/courses-2\/#breadcrumb","itemListElement":[{"@type":"ListItem","position":1,"name":"Portada","item":"https:\/\/inscolearning.us\/en\/"},{"@type":"ListItem","position":2,"name":"Courses"}]},{"@type":"WebSite","@id":"https:\/\/inscolearning.us\/en\/#website","url":"https:\/\/inscolearning.us\/en\/","name":"INSCO","description":"","publisher":{"@id":"https:\/\/inscolearning.us\/en\/#organization"},"potentialAction":[{"@type":"SearchAction","target":{"@type":"EntryPoint","urlTemplate":"https:\/\/inscolearning.us\/en\/?s={search_term_string}"},"query-input":{"@type":"PropertyValueSpecification","valueRequired":true,"valueName":"search_term_string"}}],"inLanguage":"en-US"},{"@type":"Organization","@id":"https:\/\/inscolearning.us\/en\/#organization","name":"INSCO","url":"https:\/\/inscolearning.us\/en\/","logo":{"@type":"ImageObject","inLanguage":"en-US","@id":"https:\/\/inscolearning.us\/en\/#\/schema\/logo\/image\/","url":"https:\/\/inscolearning.us\/wp-content\/uploads\/2025\/10\/Logo-INSCO.svg","contentUrl":"https:\/\/inscolearning.us\/wp-content\/uploads\/2025\/10\/Logo-INSCO.svg","width":728,"height":292,"caption":"INSCO"},"image":{"@id":"https:\/\/inscolearning.us\/en\/#\/schema\/logo\/image\/"}}]}},"_links":{"self":[{"href":"https:\/\/inscolearning.us\/en\/wp-json\/wp\/v2\/pages\/26433","targetHints":{"allow":["GET"]}}],"collection":[{"href":"https:\/\/inscolearning.us\/en\/wp-json\/wp\/v2\/pages"}],"about":[{"href":"https:\/\/inscolearning.us\/en\/wp-json\/wp\/v2\/types\/page"}],"author":[{"embeddable":true,"href":"https:\/\/inscolearning.us\/en\/wp-json\/wp\/v2\/users\/1"}],"replies":[{"embeddable":true,"href":"https:\/\/inscolearning.us\/en\/wp-json\/wp\/v2\/comments?post=26433"}],"version-history":[{"count":0,"href":"https:\/\/inscolearning.us\/en\/wp-json\/wp\/v2\/pages\/26433\/revisions"}],"wp:attachment":[{"href":"https:\/\/inscolearning.us\/en\/wp-json\/wp\/v2\/media?parent=26433"}],"curies":[{"name":"wp","href":"https:\/\/api.w.org\/{rel}","templated":true}]}}